{"id":152,"date":"2025-01-30T22:06:29","date_gmt":"2025-01-31T03:06:29","guid":{"rendered":"https:\/\/aplicaciones.marianosamaniego.edu.ec\/wayakuntu\/?page_id=152"},"modified":"2025-01-30T22:38:07","modified_gmt":"2025-01-31T03:38:07","slug":"invitada-especial-desde-piura-peru","status":"publish","type":"page","link":"https:\/\/aplicaciones.marianosamaniego.edu.ec\/wayakuntu\/invitada-especial-desde-piura-peru\/","title":{"rendered":"INVITADA ESPECIAL DESDE PIURA-PER\u00da"},"content":{"rendered":"\n<p>Con inmenso aprecio les compartimos la actuaci\u00f3n de la artista de Piura &#8211; Per\u00fa Maricruz la voz de oro que estuvo presente en la noche del s\u00e1bado 21 de diciembre en la inauguraci\u00f3n de la escultura runa Kalwa&nbsp;<\/p>\n\n\n\n<figure class=\"wp-block-embed is-type-video is-provider-youtube wp-block-embed-youtube wp-embed-aspect-16-9 wp-has-aspect-ratio\"><div class=\"wp-block-embed__wrapper\">\n<iframe loading=\"lazy\" title=\"Maricruz La Voz de Oro de Piura en la Inauguraci\u00f3n de la Escultura Runa Kalwa - 21 de Diciembre\" width=\"640\" height=\"360\" src=\"https:\/\/www.youtube.com\/embed\/PvAonAwrRPA?feature=oembed\" frameborder=\"0\" allow=\"accelerometer; autoplay; clipboard-write; encrypted-media; gyroscope; picture-in-picture; web-share\" referrerpolicy=\"strict-origin-when-cross-origin\" allowfullscreen><\/iframe>\n<\/div><\/figure>\n","protected":false},"excerpt":{"rendered":"<p>Con inmenso aprecio les compartimos la actuaci\u00f3n de la artista de Piura &#8211; Per\u00fa Maricruz la voz de oro que estuvo presente en la noche del s\u00e1bado 21 de diciembre en la inauguraci\u00f3n de la escultura runa Kalwa&nbsp;<\/p>\n","protected":false},"author":3,"featured_media":0,"parent":0,"menu_order":0,"comment_status":"closed","ping_status":"closed","template":"","meta":{"footnotes":""},"class_list":["post-152","page","type-page","status-publish","hentry"],"_links":{"self":[{"href":"https:\/\/aplicaciones.marianosamaniego.edu.ec\/wayakuntu\/wp-json\/wp\/v2\/pages\/152"}],"collection":[{"href":"https:\/\/aplicaciones.marianosamaniego.edu.ec\/wayakuntu\/wp-json\/wp\/v2\/pages"}],"about":[{"href":"https:\/\/aplicaciones.marianosamaniego.edu.ec\/wayakuntu\/wp-json\/wp\/v2\/types\/page"}],"author":[{"embeddable":true,"href":"https:\/\/aplicaciones.marianosamaniego.edu.ec\/wayakuntu\/wp-json\/wp\/v2\/users\/3"}],"replies":[{"embeddable":true,"href":"https:\/\/aplicaciones.marianosamaniego.edu.ec\/wayakuntu\/wp-json\/wp\/v2\/comments?post=152"}],"version-history":[{"count":3,"href":"https:\/\/aplicaciones.marianosamaniego.edu.ec\/wayakuntu\/wp-json\/wp\/v2\/pages\/152\/revisions"}],"predecessor-version":[{"id":171,"href":"https:\/\/aplicaciones.marianosamaniego.edu.ec\/wayakuntu\/wp-json\/wp\/v2\/pages\/152\/revisions\/171"}],"wp:attachment":[{"href":"https:\/\/aplicaciones.marianosamaniego.edu.ec\/wayakuntu\/wp-json\/wp\/v2\/media?parent=152"}],"curies":[{"name":"wp","href":"https:\/\/api.w.org\/{rel}","templated":true}]}}