{"id":144,"date":"2025-01-20T22:40:45","date_gmt":"2025-01-21T03:40:45","guid":{"rendered":"https:\/\/aplicaciones.marianosamaniego.edu.ec\/wayakuntu\/?page_id=144"},"modified":"2025-01-20T22:42:53","modified_gmt":"2025-01-21T03:42:53","slug":"resena","status":"publish","type":"page","link":"https:\/\/aplicaciones.marianosamaniego.edu.ec\/wayakuntu\/resena\/","title":{"rendered":"RESE\u00d1A"},"content":{"rendered":"\n<p>En junio del 2011 se realiz\u00f3 la primera caminata binacional desde la plaza del centro ceremonial de Aypate hasta la ciudad de Cariamanga en dos d\u00edas con la participaci\u00f3n de aproximadamente 300 personas de Ecuador, Per\u00fa, Alemania\u00a0y\u00a0Espa\u00f1a<\/p>\n","protected":false},"excerpt":{"rendered":"<p>En junio del 2011 se realiz\u00f3 la primera caminata binacional desde la plaza del centro ceremonial de Aypate hasta la ciudad de Cariamanga en dos d\u00edas con la participaci\u00f3n de aproximadamente 300 personas de Ecuador, Per\u00fa, Alemania\u00a0y\u00a0Espa\u00f1a<\/p>\n","protected":false},"author":3,"featured_media":0,"parent":0,"menu_order":0,"comment_status":"closed","ping_status":"closed","template":"","meta":{"footnotes":""},"class_list":["post-144","page","type-page","status-publish","hentry"],"_links":{"self":[{"href":"https:\/\/aplicaciones.marianosamaniego.edu.ec\/wayakuntu\/wp-json\/wp\/v2\/pages\/144"}],"collection":[{"href":"https:\/\/aplicaciones.marianosamaniego.edu.ec\/wayakuntu\/wp-json\/wp\/v2\/pages"}],"about":[{"href":"https:\/\/aplicaciones.marianosamaniego.edu.ec\/wayakuntu\/wp-json\/wp\/v2\/types\/page"}],"author":[{"embeddable":true,"href":"https:\/\/aplicaciones.marianosamaniego.edu.ec\/wayakuntu\/wp-json\/wp\/v2\/users\/3"}],"replies":[{"embeddable":true,"href":"https:\/\/aplicaciones.marianosamaniego.edu.ec\/wayakuntu\/wp-json\/wp\/v2\/comments?post=144"}],"version-history":[{"count":2,"href":"https:\/\/aplicaciones.marianosamaniego.edu.ec\/wayakuntu\/wp-json\/wp\/v2\/pages\/144\/revisions"}],"predecessor-version":[{"id":147,"href":"https:\/\/aplicaciones.marianosamaniego.edu.ec\/wayakuntu\/wp-json\/wp\/v2\/pages\/144\/revisions\/147"}],"wp:attachment":[{"href":"https:\/\/aplicaciones.marianosamaniego.edu.ec\/wayakuntu\/wp-json\/wp\/v2\/media?parent=144"}],"curies":[{"name":"wp","href":"https:\/\/api.w.org\/{rel}","templated":true}]}}